{"id":5,"date":"2014-03-24T15:29:15","date_gmt":"2014-03-24T13:29:15","guid":{"rendered":"http:\/\/www.ursula-neugebauer.de\/?page_id=5"},"modified":"2024-09-11T18:03:49","modified_gmt":"2024-09-11T16:03:49","slug":"vita","status":"publish","type":"page","link":"https:\/\/www.ursula-neugebauer.de\/?page_id=5","title":{"rendered":"cv"},"content":{"rendered":"\n<p>Ursula Neugebauer studierte Bildende Kunst an der Kunstakademie M\u00fcnster, wo sie von Timm Ulrichs zur Meistersch\u00fclerin ernannt wurde, sowie Literaturwissenschaften an der Westf\u00e4lischen Wilhelms-Universit\u00e4t. Sie unterrichtete kurz als Studienr\u00e4tin und arbeitete anschlie\u00dfend als Kunsttherapeutin an der Universit\u00e4tsklinik M\u00fcnster. Von 1999 \u2013 2002 war sie Dozentin am Fachbereich Architektur an der Technischen Universit\u00e4t Berlin. Seit 2003 lehrt sie als Professorin an der Universit\u00e4t der K\u00fcnste Berlin Bildende Kunst.<\/p>\n\n\n\n<h2 class=\"wp-block-heading\">Ausstellungen<\/h2>\n\n\n\n<p><strong>Einzelausstellungen \/ Solo Exhibition<\/strong> <strong>seit 2013<\/strong><\/p>\n\n\n\n<ul>\n<li>2024 schwarzer Schnee, Kunstraum M\u00fcnchen, M\u00fcnchen (K)<\/li>\n\n\n\n<li>2023 TONSPUR display # 5, TONSPUR Kunstverein Wien, Indoor Showroom, MuseumsQuartier Wien, Wien (in Verbindung mit einem Artist-in-Residence-Stipendium des MuseumsQuartiers Wien, August 2023)<\/li>\n\n\n\n<li>2021 still und stand, Brigitte March International Contemporary Art, Stuttgart<\/li>\n\n\n\n<li>2019 schwarzer Schnee, Forum Kunst Rottweil, Rottweil<\/li>\n\n\n\n<li>2018 cielo en la tierra, Espacio Micus, arte contempor\u00e1neo, Ibiza \u2013 Carretera Jes\u00fas<\/li>\n\n\n\n<li>2017 transit, Kunstverein Oerlinghausen, Alte Synagoge, Oerlinghausen<\/li>\n\n\n\n<li>2016 Bandage, Mohsen Gallery, Teheran<\/li>\n\n\n\n<li>2015 en face, Kurf\u00fcrstenstra\u00dfe Berlin, Denkerei Bazon Brock, Berlin (K)<\/li>\n\n\n\n<li>2013 SAGITTARIUS A, Kunstverein Bad Salzdetfurth, Kunstgeb\u00e4ude im Schlosshof Bodenburg, Bad Salzdetfurth-Bodenburg<\/li>\n<\/ul>\n\n\n\n<p><strong>Ausstellungsbeteiligungen \/ Group Exhibitions<\/strong> <strong>seit 2013<\/strong><\/p>\n\n\n\n<p><\/p>\n\n\n\n<ul>\n<li>2024 DIVA Maria Callas \u2013 Aufstieg, Glanz und Fall, Pasinger Fabrik Kultur- und B\u00fcrgerzentrum, M\u00fcnchen<\/li>\n\n\n\n<li>2024 \u2026 kollagiert \u2013 auch ohne Leim, Stiftung Kunstgeb\u00e4ude Schlosshof Bodenburg, Bad Salzdetfurth-Bodenburg<\/li>\n\n\n\n<li>2024 Inseln des Lebens: The Ocean Between VII. An International Symposium, Kunstraum bei Koc, Hannover (K)<\/li>\n\n\n\n<li>2023 Unspeakable Void, Unique Art Center, Chengdu<\/li>\n\n\n\n<li>2023 ALLES V, studio im HOCHHAUS, Berlin<\/li>\n\n\n\n<li>2023 Cultural Flow: The Ocean Between VI. An International Symposium, Olivia Gallery, Chicago (K)<\/li>\n\n\n\n<li>2023 Time Gravity. 2023 Chengdu Biennale, Chengdu Art Museum, Chengdu (K)<\/li>\n\n\n\n<li>2023 Multiples. Sammlung Opitz-Hoffmann, Kunstsammlung Jena, St\u00e4dtische Museen Jena, Jena (K)<\/li>\n\n\n\n<li>2022 Flowers! Blumen in der Kunst des 20. und 21. Jahrhunderts, Museum Ostwall im Dortmunder U, Dortmund (K)<\/li>\n\n\n\n<li>2022 ALLES IV, studio im HOCHHAUS, Berlin<\/li>\n\n\n\n<li>2021 20 Aniversario. Exposici\u00f3n Colectiva, Espacio Micus, arte contempor\u00e1neo, Ibiza \u2013 Carretera Jes\u00fas<\/li>\n\n\n\n<li>2021 Fetische des Blicks. Mode und Verf\u00fchrung, Stiftung Ahlers Pro Arte, Herford (K)<\/li>\n\n\n\n<li>2021 kugelrund, Forum Kunst Rottweil, Rottweil<\/li>\n\n\n\n<li>2020 Get dressed! Das Kleid in Geschichte, Kunst und Natur, St\u00e4dtische Museen und Galerien Paderborn, Kunstmuseum im Marstall, Schloss Neuhaus, Paderborn (K)<\/li>\n\n\n\n<li>2019 Zero, Tuff Contemporary Art Museum, Chengdu (China)<\/li>\n\n\n\n<li>2019 EDITION AUGENWEIDE. Almanach COMMON SENSE, Literaturhaus Halle; Anhaltische Gem\u00e4ldegalerie Dessau; <\/li>\n\n\n\n<li>2019 Kunstsammlung Jena; <\/li>\n\n\n\n<li>2019 S\u00e4chsische Landesbibliothek \u2013 Staats- und Universit\u00e4tsbibliothek Dresden; <\/li>\n\n\n\n<li>2019 Kunstmuseum Reutlingen, Spendhaus; <\/li>\n\n\n\n<li>2019 Haus des Buches, Literaturhaus Leipzig<\/li>\n\n\n\n<li>2019 Kopf an Kopf \u2013 Portr\u00e4ts von Gerhard Fietz bis Andy Warhol, Kultur-B\u00e4ckerei, Kunsthalle der Sparkassenstiftung L\u00fcneburg, L\u00fcneburg<\/li>\n\n\n\n<li>2019 acht\u2019 mal auf \u2019s Land, M\u00fcller-Held Kunst, Bad Oeynhausen<\/li>\n\n\n\n<li>2018 Stoffsuche \u2013 Textil in der Kunst vom Bauhaus bis heute. Textile 2018, (kunsthaus alte m\u00fchle und) Lenneatelier, Schmallenberg (K)<\/li>\n\n\n\n<li>2018 ERROR \u2013 The Art of Imperfection, Ars Electronica Festival, Brucknerhaus, Linz<\/li>\n\n\n\n<li>2017 SEHT, da ist DER MENSCH, Kunstmuseum Magdeburg, Kloster Unser Lieben Frauen, Magdeburg (K)<\/li>\n\n\n\n<li>2017 Attitude. Chinese-German contemporary artists exhibition, Yun Contemporary Arts Center, Shanghai (K)<\/li>\n\n\n\n<li>2017 NEBUKADNEZAR. K\u00fcnstler machen Flaschen f\u00fcr Rottweil, Forum Kunst Rottweil, Rottweil (K)<\/li>\n\n\n\n<li>I2016 KARUS \u2013 Der zweite Versuch, Galerie Renate Bender, M\u00fcnchen<\/li>\n\n\n\n<li>2016 SEHT, da ist DER MENSCH, Leipziger Baumwollspinnerei, Leipzig (K)<\/li>\n\n\n\n<li>2016 EARTH LAB \u2013 Artists as Catalysts, Polytechnisches Museum Moskau und Ars Electronica Export, Linz, Ehemalige Schokoladenfabrik Roter Oktober, Moskau<\/li>\n\n\n\n<li>2016 Sammlung Opitz-Hoffmann. Zeichnungen, Druckgrafiken, Multiples, Fotografien und K\u00fcnstlerb\u00fccher, Kunstsammlung Jena, St\u00e4dtische Museen Jena, Jena (K)<\/li>\n\n\n\n<li>2015 N\u00e4he und Distanz, Cuxhavener Kunstverein, Cuxhaven (K)<\/li>\n\n\n\n<li>2015 assembly. Designfestival in Graz, Joanneumsviertel, Graz<\/li>\n\n\n\n<li>2014 Connecting Sound Etc. Cable Works, Cable Sounds, Cables Everywhere, freiraum quartier21 INTERNATIONAL, MuseumsQuartier Wien, Wien<\/li>\n\n\n\n<li>2014 LICHT(e)WEGE, Weinbergterrassen, Kassel (K)<\/li>\n\n\n\n<li>2014 C\u2026 what it takes to change. Ars Electronica 2014 Festival f\u00fcr Kunst, Technologie und Gesellschaft, Mariendom, Linz (K)<\/li>\n\n\n\n<li>2014 raus hier \u2013 eine Behauptung, eine Bewegung, Kunstpavillon M\u00fcnchen, Im Alten Botanischen Garten, M\u00fcnchen (K)<\/li>\n\n\n\n<li>2013 Sheriff in\/at the Zollamt, Zollamt Bad Radkersburg, Bad Radkersburg<\/li>\n\n\n\n<li>2013 HAIR! Das Haar in der Kunst. Meisterwerke aus der Sammlung Ludwig von der Antike bis heute, von Tilman Riemenschneider bis Cindy Sherman, Ludwiggalerie Schloss Oberhausen, Oberhausen (K)<\/li>\n<\/ul>\n\n\n\n<h2 class=\"wp-block-heading\">Preise und Auszeichnungen<\/h2>\n\n\n\n<p><strong>Auswahl<\/strong><\/p>\n\n\n\n<ul>\n<li>2004 K\u00fcnstlerinnenpreis des Landes NRW f\u00fcr Bildhauerei<\/li>\n\n\n\n<li>2001 Barkenhoff-Stipendium, K\u00fcnstlerh\u00e4user Worpswede<\/li>\n\n\n\n<li>1999 Stipendium der Kulturstiftung der Sparkasse Unna<\/li>\n\n\n\n<li>1998 Reisestipendium der Elisabeth-Montag-Stiftung, Dresden<\/li>\n\n\n\n<li>1992\u201393 Stipendium des Kultusministeriums NRW, Stiftung K\u00fcnstlerdorf Sch\u00f6ppingen<\/li>\n\n\n\n<li>1991 Arbeitsstipendium Stiftung Kunstfonds, Bonn; Studiogalerie, F\u00f6rderpreis des Landschaftsverbandes Westfalen-Lippe<\/li>\n\n\n\n<li>1990 Graduiertenstipendium des Landes NRW<\/li>\n<\/ul>\n\n\n\n<p>K = Katalog \/ Catalogue<\/p>\n","protected":false},"excerpt":{"rendered":"<p>Ursula Neugebauer studierte Bildende Kunst an der Kunstakademie M\u00fcnster, wo sie von Timm Ulrichs zur Meistersch\u00fclerin ernannt wurde, sowie Literaturwissenschaften an der Westf\u00e4lischen Wilhelms-Universit\u00e4t. Sie unterrichtete kurz als Studienr\u00e4tin und arbeitete anschlie\u00dfend als Kunsttherapeutin an [&hellip;]<\/p>\n","protected":false},"author":1,"featured_media":0,"parent":0,"menu_order":1,"comment_status":"closed","ping_status":"closed","template":"","meta":{"footnotes":""},"_links":{"self":[{"href":"https:\/\/www.ursula-neugebauer.de\/index.php?rest_route=\/wp\/v2\/pages\/5"}],"collection":[{"href":"https:\/\/www.ursula-neugebauer.de\/index.php?rest_route=\/wp\/v2\/pages"}],"about":[{"href":"https:\/\/www.ursula-neugebauer.de\/index.php?rest_route=\/wp\/v2\/types\/page"}],"author":[{"embeddable":true,"href":"https:\/\/www.ursula-neugebauer.de\/index.php?rest_route=\/wp\/v2\/users\/1"}],"replies":[{"embeddable":true,"href":"https:\/\/www.ursula-neugebauer.de\/index.php?rest_route=%2Fwp%2Fv2%2Fcomments&post=5"}],"version-history":[{"count":31,"href":"https:\/\/www.ursula-neugebauer.de\/index.php?rest_route=\/wp\/v2\/pages\/5\/revisions"}],"predecessor-version":[{"id":726,"href":"https:\/\/www.ursula-neugebauer.de\/index.php?rest_route=\/wp\/v2\/pages\/5\/revisions\/726"}],"wp:attachment":[{"href":"https:\/\/www.ursula-neugebauer.de\/index.php?rest_route=%2Fwp%2Fv2%2Fmedia&parent=5"}],"curies":[{"name":"wp","href":"https:\/\/api.w.org\/{rel}","templated":true}]}}